{"id":5,"date":"2015-03-03T22:07:43","date_gmt":"2015-03-03T22:07:43","guid":{"rendered":"http:\/\/haffi.is\/wp\/?page_id=5"},"modified":"2026-04-25T14:36:58","modified_gmt":"2026-04-25T14:36:58","slug":"hver-er-eg","status":"publish","type":"page","link":"https:\/\/haffi.is\/wp\/?page_id=5","title":{"rendered":"About me"},"content":{"rendered":"\n<p>Nerd at&nbsp;<a class=\"profileLink\" href=\"https:\/\/www.facebook.com\/pages\/Sensa-ehf\/586744281381565?ref=br_rs\" data-gt=\"{&quot;entity&quot;:&quot;586744281381565&quot;,&quot;path&quot;:&quot;\\\/profile_book.php:about&quot;}\" data-hovercard=\"\/ajax\/hovercard\/page.php?id=586744281381565\">Sensa ehf.<\/a><\/p>\n\n\n\n<p>Lives in&nbsp;<a class=\"profileLink\" href=\"https:\/\/www.facebook.com\/pages\/Reykjav%C3%ADk-Iceland\/110398488982884?ref=br_rs\" data-gt=\"{&quot;entity&quot;:&quot;110398488982884&quot;,&quot;path&quot;:&quot;\\\/profile_book.php:about&quot;}\" data-hovercard=\"\/ajax\/hovercard\/page.php?id=110398488982884\">Reykjav\u00edk, Iceland<\/a><\/p>\n\n\n\n<p>\u00c1hugam\u00e1l: T\u00f6lvuleikir, Rafb\u00edlar, Skrautfiskar, Bj\u00f3r\/Cider bruggun, T\u00f6lvuleikir, Flest Retro. T\u00f6lvur og t\u00e6kni.&nbsp;<\/p>\n\n\n\n<p>Degrees:<\/p>\n\n\n\n<p>CCIE Collaboration #24527<br>Red Hat Certified Engineer<br>Apple Certified Support Professional<br>Microsoft Certified Systems Enginn<br><a href=\"https:\/\/www.credly.com\/users\/hafthor-hilmarsson-o-connor\/badges#credly\">https:\/\/www.credly.com\/users\/hafthor-hilmarsson-o-connor\/badges#credly<\/a><\/p>\n\n\n\n<p>YoutubeChannel<br><a href=\"https:\/\/youtube.com\/haffi78\">https:\/\/youtube.com\/haffi78<\/a><\/p>\n\n\n\n<p>TiKToK<\/p>\n\n\n\n<figure class=\"wp-block-embed is-type-rich is-provider-tiktok wp-block-embed-tiktok\"><div class=\"wp-block-embed__wrapper\">\n<blockquote class=\"tiktok-embed\" cite=\"https:\/\/www.tiktok.com\/@teslahaffi\" data-unique-id=\"teslahaffi\" data-embed-from=\"oembed\" data-embed-type=\"creator\" style=\"max-width:780px; min-width:288px;\"> <section> <a target=\"_blank\" href=\"https:\/\/www.tiktok.com\/@teslahaffi?refer=creator_embed\">@teslahaffi<\/a> <\/section> <\/blockquote> <script async src=\"https:\/\/www.tiktok.com\/embed.js\"><\/script>\n<\/div><\/figure>\n\n\n\n<p>GitHub &#8211;<\/p>\n\n\n\n<p><a href=\"https:\/\/github.com\/haffi78\">https:\/\/github.com\/haffi78<\/a><\/p>\n\n\n\n<p>&nbsp;<\/p>\n\n\n\n<p>&nbsp;<\/p>\n\n\n\n<p><\/p>\n","protected":false},"excerpt":{"rendered":"<p>Nerd at&nbsp;Sensa ehf. Lives in&nbsp;Reykjav\u00edk, Iceland \u00c1hugam\u00e1l: T\u00f6lvuleikir, Rafb\u00edlar, Skrautfiskar, Bj\u00f3r\/Cider bruggun, T\u00f6lvuleikir, Flest Retro. T\u00f6lvur og t\u00e6kni.&nbsp; Degrees: CCIE Collaboration #24527Red Hat Certified EngineerApple Certified Support ProfessionalMicrosoft Certified Systems Enginnhttps:\/\/www.credly.com\/users\/hafthor-hilmarsson-o-connor\/badges#credly YoutubeChannelhttps:\/\/youtube.com\/haffi78 TiKToK GitHub &#8211; https:\/\/github.com\/haffi78 &nbsp; &nbsp;<\/p>\n","protected":false},"author":1,"featured_media":0,"parent":0,"menu_order":0,"comment_status":"open","ping_status":"open","template":"","meta":{"footnotes":""},"class_list":["post-5","page","type-page","status-publish","hentry"],"_links":{"self":[{"href":"https:\/\/haffi.is\/wp\/index.php?rest_route=\/wp\/v2\/pages\/5","targetHints":{"allow":["GET"]}}],"collection":[{"href":"https:\/\/haffi.is\/wp\/index.php?rest_route=\/wp\/v2\/pages"}],"about":[{"href":"https:\/\/haffi.is\/wp\/index.php?rest_route=\/wp\/v2\/types\/page"}],"author":[{"embeddable":true,"href":"https:\/\/haffi.is\/wp\/index.php?rest_route=\/wp\/v2\/users\/1"}],"replies":[{"embeddable":true,"href":"https:\/\/haffi.is\/wp\/index.php?rest_route=%2Fwp%2Fv2%2Fcomments&post=5"}],"version-history":[{"count":6,"href":"https:\/\/haffi.is\/wp\/index.php?rest_route=\/wp\/v2\/pages\/5\/revisions"}],"predecessor-version":[{"id":190,"href":"https:\/\/haffi.is\/wp\/index.php?rest_route=\/wp\/v2\/pages\/5\/revisions\/190"}],"wp:attachment":[{"href":"https:\/\/haffi.is\/wp\/index.php?rest_route=%2Fwp%2Fv2%2Fmedia&parent=5"}],"curies":[{"name":"wp","href":"https:\/\/api.w.org\/{rel}","templated":true}]}}